{"id":4,"date":"2020-11-23T08:35:52","date_gmt":"2020-11-23T08:35:52","guid":{"rendered":"http:\/\/jorgos.codibee.solutions\/home\/"},"modified":"2021-06-03T11:15:38","modified_gmt":"2021-06-03T11:15:38","slug":"home","status":"publish","type":"page","link":"https:\/\/www.jorgostudios.com\/fr\/","title":{"rendered":"Accueil"},"content":{"rendered":"<p>Plac\u00e9 <span style=\"color: #ff0000;\"><strong>sur la c\u00f4te moins venteux de Pollonia<\/strong><\/span>, en proximit\u00e9 du centre et des services, tels que: restaurants, pharmacie, arr\u00eat de transport public , les \u00e9piceries, les offices de tourisme, location de voiture-scoter et d&rsquo;un parking gratuit, JORGOS Studios est situ\u00e9 de fa\u00e7on strat\u00e9gique , pr\u00e8s de la plage (environ 80 pas), offre plusieurs solutions.<\/p>\n<p><!-- Getbutton.io widget --><br \/>\n<script type=\"text\/javascript\">\/\/ <![CDATA[\n    (function () {\n        var options = {\n            whatsapp: \"+30 6943811184\", \/\/ WhatsApp number\n            call_to_action: \"Message us\", \/\/ Call to action\n            position: \"left\", \/\/ Position may be 'right' or 'left'\n        };\n        var proto = document.location.protocol, host = \"getbutton.io\", url = proto + \"\/\/static.\" + host;\n        var s = document.createElement('script'); s.type = 'text\/javascript'; s.async = true; s.src = url + '\/widget-send-button\/js\/init.js';\n        s.onload = function () { WhWidgetSendButton.init(host, proto, options); };\n        var x = document.getElementsByTagName('script')[0]; x.parentNode.insertBefore(s, x);\n    })();\n\/\/ ]]><\/script><br \/>\n<!-- \/Getbutton.io widget --><\/p>","protected":false},"excerpt":{"rendered":"<p>Plac\u00e9 sur la c\u00f4te moins venteux de Pollonia, en proximit\u00e9 du centre et des services, tels que: restaurants, pharmacie, arr\u00eat de transport public , les \u00e9piceries, les offices de tourisme, location de voiture-scoter et d&rsquo;un parking gratuit, JORGOS Studios est situ\u00e9 de fa\u00e7on strat\u00e9gique , pr\u00e8s de la plage (environ 80 pas), offre plusieurs solutions.<\/p>\n","protected":false},"author":1,"featured_media":58,"parent":0,"menu_order":0,"comment_status":"closed","ping_status":"closed","template":"","meta":{"footnotes":""},"class_list":["post-4","page","type-page","status-publish","has-post-thumbnail","hentry"],"_links":{"self":[{"href":"https:\/\/www.jorgostudios.com\/fr\/wp-json\/wp\/v2\/pages\/4","targetHints":{"allow":["GET"]}}],"collection":[{"href":"https:\/\/www.jorgostudios.com\/fr\/wp-json\/wp\/v2\/pages"}],"about":[{"href":"https:\/\/www.jorgostudios.com\/fr\/wp-json\/wp\/v2\/types\/page"}],"author":[{"embeddable":true,"href":"https:\/\/www.jorgostudios.com\/fr\/wp-json\/wp\/v2\/users\/1"}],"replies":[{"embeddable":true,"href":"https:\/\/www.jorgostudios.com\/fr\/wp-json\/wp\/v2\/comments?post=4"}],"version-history":[{"count":4,"href":"https:\/\/www.jorgostudios.com\/fr\/wp-json\/wp\/v2\/pages\/4\/revisions"}],"predecessor-version":[{"id":158,"href":"https:\/\/www.jorgostudios.com\/fr\/wp-json\/wp\/v2\/pages\/4\/revisions\/158"}],"wp:featuredmedia":[{"embeddable":true,"href":"https:\/\/www.jorgostudios.com\/fr\/wp-json\/wp\/v2\/media\/58"}],"wp:attachment":[{"href":"https:\/\/www.jorgostudios.com\/fr\/wp-json\/wp\/v2\/media?parent=4"}],"curies":[{"name":"wp","href":"https:\/\/api.w.org\/{rel}","templated":true}]}}